{"id":45,"date":"2021-07-16T01:48:39","date_gmt":"2021-07-16T01:48:39","guid":{"rendered":"http:\/\/www.desarrollowpvirtual.utalca.cl\/?page_id=45"},"modified":"2021-07-16T02:07:19","modified_gmt":"2021-07-16T02:07:19","slug":"equipo","status":"publish","type":"page","link":"http:\/\/www.desarrollowpvirtual.utalca.cl\/index.php\/equipo\/","title":{"rendered":"Equipo"},"content":{"rendered":"\n<div class=\"wp-block-columns\">\n<div class=\"wp-block-column\">\n<figure class=\"wp-block-image size-large\"><img loading=\"lazy\" width=\"800\" height=\"800\" src=\"http:\/\/www.desarrollowpvirtual.utalca.cl\/wp-content\/uploads\/2021\/07\/perfil2-2.jpeg\" alt=\"\" class=\"wp-image-47\" srcset=\"http:\/\/www.desarrollowpvirtual.utalca.cl\/wp-content\/uploads\/2021\/07\/perfil2-2.jpeg 800w, http:\/\/www.desarrollowpvirtual.utalca.cl\/wp-content\/uploads\/2021\/07\/perfil2-2-300x300.jpeg 300w, http:\/\/www.desarrollowpvirtual.utalca.cl\/wp-content\/uploads\/2021\/07\/perfil2-2-150x150.jpeg 150w, http:\/\/www.desarrollowpvirtual.utalca.cl\/wp-content\/uploads\/2021\/07\/perfil2-2-768x768.jpeg 768w\" sizes=\"(max-width: 800px) 100vw, 800px\" \/><\/figure>\n\n\n\n<h3 class=\"has-text-align-center\">Marco Emilio Centeno Dub\u00e9n<\/h3>\n\n\n\n<p class=\"has-text-align-center\">Encargado de Liceo Virtual<\/p>\n<\/div>\n\n\n\n<div class=\"wp-block-column\">\n<figure class=\"wp-block-image size-large\"><img loading=\"lazy\" width=\"800\" height=\"800\" src=\"http:\/\/www.desarrollowpvirtual.utalca.cl\/wp-content\/uploads\/2021\/07\/perfil2-2.jpeg\" alt=\"\" class=\"wp-image-47\" srcset=\"http:\/\/www.desarrollowpvirtual.utalca.cl\/wp-content\/uploads\/2021\/07\/perfil2-2.jpeg 800w, http:\/\/www.desarrollowpvirtual.utalca.cl\/wp-content\/uploads\/2021\/07\/perfil2-2-300x300.jpeg 300w, http:\/\/www.desarrollowpvirtual.utalca.cl\/wp-content\/uploads\/2021\/07\/perfil2-2-150x150.jpeg 150w, http:\/\/www.desarrollowpvirtual.utalca.cl\/wp-content\/uploads\/2021\/07\/perfil2-2-768x768.jpeg 768w\" sizes=\"(max-width: 800px) 100vw, 800px\" \/><\/figure>\n\n\n\n<h3 class=\"has-text-align-center\">Eduardo Patricio Mardones Coval\u00e1n<\/h3>\n\n\n\n<p class=\"has-text-align-center\">Profesional \u00c1rea Inform\u00e1tica<\/p>\n<\/div>\n\n\n\n<div class=\"wp-block-column\">\n<figure class=\"wp-block-image size-large\"><img loading=\"lazy\" width=\"800\" height=\"800\" src=\"http:\/\/www.desarrollowpvirtual.utalca.cl\/wp-content\/uploads\/2021\/07\/perfil2-2.jpeg\" alt=\"\" class=\"wp-image-47\" srcset=\"http:\/\/www.desarrollowpvirtual.utalca.cl\/wp-content\/uploads\/2021\/07\/perfil2-2.jpeg 800w, http:\/\/www.desarrollowpvirtual.utalca.cl\/wp-content\/uploads\/2021\/07\/perfil2-2-300x300.jpeg 300w, http:\/\/www.desarrollowpvirtual.utalca.cl\/wp-content\/uploads\/2021\/07\/perfil2-2-150x150.jpeg 150w, http:\/\/www.desarrollowpvirtual.utalca.cl\/wp-content\/uploads\/2021\/07\/perfil2-2-768x768.jpeg 768w\" sizes=\"(max-width: 800px) 100vw, 800px\" \/><\/figure>\n\n\n\n<h3 class=\"has-text-align-center\">Luis Araneda Parra<\/h3>\n\n\n\n<p class=\"has-text-align-center\">Profesional del \u00c1rea inform\u00e1tica<\/p>\n<\/div>\n<\/div>\n\n\n\n<div class=\"wp-block-columns\">\n<div class=\"wp-block-column\">\n<figure class=\"wp-block-image size-large\"><img loading=\"lazy\" width=\"800\" height=\"800\" src=\"http:\/\/www.desarrollowpvirtual.utalca.cl\/wp-content\/uploads\/2021\/07\/perfil2-2.jpeg\" alt=\"\" class=\"wp-image-47\" srcset=\"http:\/\/www.desarrollowpvirtual.utalca.cl\/wp-content\/uploads\/2021\/07\/perfil2-2.jpeg 800w, http:\/\/www.desarrollowpvirtual.utalca.cl\/wp-content\/uploads\/2021\/07\/perfil2-2-300x300.jpeg 300w, http:\/\/www.desarrollowpvirtual.utalca.cl\/wp-content\/uploads\/2021\/07\/perfil2-2-150x150.jpeg 150w, http:\/\/www.desarrollowpvirtual.utalca.cl\/wp-content\/uploads\/2021\/07\/perfil2-2-768x768.jpeg 768w\" sizes=\"(max-width: 800px) 100vw, 800px\" \/><\/figure>\n\n\n\n<h3 class=\"has-text-align-center\">Nicol\u00e1s Sebat\u00edan Baeza Soto<\/h3>\n\n\n\n<p class=\"has-text-align-center\">Profesional del \u00c1rea Inform\u00e1tica<\/p>\n<\/div>\n\n\n\n<div class=\"wp-block-column\">\n<figure class=\"wp-block-image size-large\"><img loading=\"lazy\" width=\"800\" height=\"800\" src=\"http:\/\/www.desarrollowpvirtual.utalca.cl\/wp-content\/uploads\/2021\/07\/perfil2-2.jpeg\" alt=\"\" class=\"wp-image-47\" srcset=\"http:\/\/www.desarrollowpvirtual.utalca.cl\/wp-content\/uploads\/2021\/07\/perfil2-2.jpeg 800w, http:\/\/www.desarrollowpvirtual.utalca.cl\/wp-content\/uploads\/2021\/07\/perfil2-2-300x300.jpeg 300w, http:\/\/www.desarrollowpvirtual.utalca.cl\/wp-content\/uploads\/2021\/07\/perfil2-2-150x150.jpeg 150w, http:\/\/www.desarrollowpvirtual.utalca.cl\/wp-content\/uploads\/2021\/07\/perfil2-2-768x768.jpeg 768w\" sizes=\"(max-width: 800px) 100vw, 800px\" \/><\/figure>\n\n\n\n<h3 class=\"has-text-align-center\">Eduardo Andr\u00e9s Jorquera \u00c1lvarez<\/h3>\n\n\n\n<p class=\"has-text-align-center\">Profesional del \u00c1rea de Dise\u00f1o<\/p>\n<\/div>\n\n\n\n<div class=\"wp-block-column\">\n<figure class=\"wp-block-image size-large\"><img loading=\"lazy\" width=\"800\" height=\"800\" src=\"http:\/\/www.desarrollowpvirtual.utalca.cl\/wp-content\/uploads\/2021\/07\/perfil2-2.jpeg\" alt=\"\" class=\"wp-image-47\" srcset=\"http:\/\/www.desarrollowpvirtual.utalca.cl\/wp-content\/uploads\/2021\/07\/perfil2-2.jpeg 800w, http:\/\/www.desarrollowpvirtual.utalca.cl\/wp-content\/uploads\/2021\/07\/perfil2-2-300x300.jpeg 300w, http:\/\/www.desarrollowpvirtual.utalca.cl\/wp-content\/uploads\/2021\/07\/perfil2-2-150x150.jpeg 150w, http:\/\/www.desarrollowpvirtual.utalca.cl\/wp-content\/uploads\/2021\/07\/perfil2-2-768x768.jpeg 768w\" sizes=\"(max-width: 800px) 100vw, 800px\" \/><\/figure>\n\n\n\n<h3 class=\"has-text-align-center\">Disponible<\/h3>\n\n\n\n<p class=\"has-text-align-center\">Disponible<\/p>\n<\/div>\n<\/div>\n\n\n\n<p><\/p>\n","protected":false},"excerpt":{"rendered":"<p>Marco Emilio Centeno Dub\u00e9n Encargado de Liceo Virtual Eduardo Patricio Mardones Coval\u00e1n Profesional \u00c1rea&#8230;<\/p>\n","protected":false},"author":1,"featured_media":0,"parent":0,"menu_order":0,"comment_status":"closed","ping_status":"closed","template":"","meta":[],"_links":{"self":[{"href":"http:\/\/www.desarrollowpvirtual.utalca.cl\/index.php\/wp-json\/wp\/v2\/pages\/45"}],"collection":[{"href":"http:\/\/www.desarrollowpvirtual.utalca.cl\/index.php\/wp-json\/wp\/v2\/pages"}],"about":[{"href":"http:\/\/www.desarrollowpvirtual.utalca.cl\/index.php\/wp-json\/wp\/v2\/types\/page"}],"author":[{"embeddable":true,"href":"http:\/\/www.desarrollowpvirtual.utalca.cl\/index.php\/wp-json\/wp\/v2\/users\/1"}],"replies":[{"embeddable":true,"href":"http:\/\/www.desarrollowpvirtual.utalca.cl\/index.php\/wp-json\/wp\/v2\/comments?post=45"}],"version-history":[{"count":3,"href":"http:\/\/www.desarrollowpvirtual.utalca.cl\/index.php\/wp-json\/wp\/v2\/pages\/45\/revisions"}],"predecessor-version":[{"id":50,"href":"http:\/\/www.desarrollowpvirtual.utalca.cl\/index.php\/wp-json\/wp\/v2\/pages\/45\/revisions\/50"}],"wp:attachment":[{"href":"http:\/\/www.desarrollowpvirtual.utalca.cl\/index.php\/wp-json\/wp\/v2\/media?parent=45"}],"curies":[{"name":"wp","href":"https:\/\/api.w.org\/{rel}","templated":true}]}}