{"id":37,"date":"2021-07-16T00:17:50","date_gmt":"2021-07-16T00:17:50","guid":{"rendered":"http:\/\/www.desarrollowpvirtual.utalca.cl\/?page_id=37"},"modified":"2021-07-16T01:40:16","modified_gmt":"2021-07-16T01:40:16","slug":"objetivo-y-proposito","status":"publish","type":"page","link":"http:\/\/www.desarrollowpvirtual.utalca.cl\/index.php\/objetivo-y-proposito\/","title":{"rendered":"Objetivo y Prop\u00f3sito"},"content":{"rendered":"\n<div class=\"wp-block-columns\">\n<div class=\"wp-block-column\">\n<h2>Nuestro Objetivo<\/h2>\n\n\n\n<figure class=\"wp-block-image size-large is-style-default\"><img src=\"https:\/\/via.placeholder.com\/550x300\" alt=\"\"\/><\/figure>\n\n\n\n<p>Ser una herramienta de innovaci\u00f3n tecnol\u00f3gica de referencia que contribuya al desarrollo y fortalecimiento de los procesos de ense\u00f1anza y aprendizaje para toda la comunidad educativa.<\/p>\n<\/div>\n\n\n\n<div class=\"wp-block-column\">\n<h2>Nuestro Prop\u00f3sito<\/h2>\n\n\n\n<figure class=\"wp-block-image size-large\"><img src=\"https:\/\/via.placeholder.com\/550x300\" alt=\"\"\/><\/figure>\n\n\n\n<p>Ser reconocida como una plataforma educativa de innovaci\u00f3n, internacionalizada, de calidad y excelencia, acorde a los desaf\u00edos del futuro que fortalezca los procesos de ense\u00f1anza y aprendizaje mediante acciones formativas con enfoque STEAM dirigida a toda la comunidad educativa a nivel local, regional y nacional.<\/p>\n<\/div>\n<\/div>\n","protected":false},"excerpt":{"rendered":"<p>Nuestro Objetivo Ser una herramienta de innovaci\u00f3n tecnol\u00f3gica de referencia que contribuya al desarrollo&#8230;<\/p>\n","protected":false},"author":1,"featured_media":0,"parent":0,"menu_order":0,"comment_status":"closed","ping_status":"closed","template":"","meta":[],"_links":{"self":[{"href":"http:\/\/www.desarrollowpvirtual.utalca.cl\/index.php\/wp-json\/wp\/v2\/pages\/37"}],"collection":[{"href":"http:\/\/www.desarrollowpvirtual.utalca.cl\/index.php\/wp-json\/wp\/v2\/pages"}],"about":[{"href":"http:\/\/www.desarrollowpvirtual.utalca.cl\/index.php\/wp-json\/wp\/v2\/types\/page"}],"author":[{"embeddable":true,"href":"http:\/\/www.desarrollowpvirtual.utalca.cl\/index.php\/wp-json\/wp\/v2\/users\/1"}],"replies":[{"embeddable":true,"href":"http:\/\/www.desarrollowpvirtual.utalca.cl\/index.php\/wp-json\/wp\/v2\/comments?post=37"}],"version-history":[{"count":6,"href":"http:\/\/www.desarrollowpvirtual.utalca.cl\/index.php\/wp-json\/wp\/v2\/pages\/37\/revisions"}],"predecessor-version":[{"id":44,"href":"http:\/\/www.desarrollowpvirtual.utalca.cl\/index.php\/wp-json\/wp\/v2\/pages\/37\/revisions\/44"}],"wp:attachment":[{"href":"http:\/\/www.desarrollowpvirtual.utalca.cl\/index.php\/wp-json\/wp\/v2\/media?parent=37"}],"curies":[{"name":"wp","href":"https:\/\/api.w.org\/{rel}","templated":true}]}}